{"id":18958,"date":"2023-11-03T16:01:12","date_gmt":"2023-11-03T16:01:12","guid":{"rendered":"https:\/\/www.susanakumar.com\/about-us\/"},"modified":"2024-01-17T09:28:06","modified_gmt":"2024-01-17T09:28:06","slug":"about-us","status":"publish","type":"page","link":"https:\/\/www.susanakumar.com\/en\/about-us\/","title":{"rendered":"Acerca de"},"content":{"rendered":"\t\t<div data-elementor-type=\"wp-page\" data-elementor-id=\"18958\" class=\"elementor elementor-18958 elementor-17772\" data-elementor-post-type=\"page\">\n\t\t\t\t\t\t<section class=\"elementor-section elementor-top-section elementor-element elementor-element-453429d elementor-section-content-middle elementor-section-boxed elementor-section-height-default elementor-section-height-default qodef-elementor-content-no\" data-id=\"453429d\" data-element_type=\"section\" data-e-type=\"section\">\n\t\t\t\t\t\t<div class=\"elementor-container elementor-column-gap-extended\">\n\t\t\t\t\t<div class=\"elementor-column elementor-col-50 elementor-top-column elementor-element elementor-element-171bae9\" data-id=\"171bae9\" data-element_type=\"column\" data-e-type=\"column\">\n\t\t\t<div class=\"elementor-widget-wrap elementor-element-populated\">\n\t\t\t\t\t\t<div class=\"elementor-element elementor-element-f5ade6a elementor-widget elementor-widget-text-editor\" data-id=\"f5ade6a\" data-element_type=\"widget\" data-e-type=\"widget\" data-widget_type=\"text-editor.default\">\n\t\t\t\t\t\t\t\t\t<p>Todo empieza por mi pasi\u00f3n por los bolsos y lo personalizado, siempre me ha encantado llevar el nombre o las iniciales en todo! intentando conciliar mi profesi\u00f3n con una nueva vida familiar, en 2017 me anim\u00f3 a fundar mi propia firma de clutches personalizados con mi nombre, Susana Kumar.<\/p>\n<p>Nuestros accesorios representan personalidad y estilo \u00bfquien ha dicho que los clutches son complementos solo de fiesta?<\/p>\n<p><strong>Los nuestros no!<\/strong><\/p>\n\t\t\t\t\t\t\t\t<\/div>\n\t\t\t\t\t<\/div>\n\t\t<\/div>\n\t\t\t\t<div class=\"elementor-column elementor-col-50 elementor-top-column elementor-element elementor-element-7e983cb\" data-id=\"7e983cb\" data-element_type=\"column\" data-e-type=\"column\">\n\t\t\t<div class=\"elementor-widget-wrap elementor-element-populated\">\n\t\t\t\t\t\t<div class=\"elementor-element elementor-element-8354249 elementor-widget elementor-widget-text-editor\" data-id=\"8354249\" data-element_type=\"widget\" data-e-type=\"widget\" data-widget_type=\"text-editor.default\">\n\t\t\t\t\t\t\t\t\t<p>Nuestros dise\u00f1os son ideales para cualquier evento o momento del d\u00eda, ya sea formal o casual, tu decides c\u00f3mo lo quieres, con tu nombre, iniciales, imagen\u2026 hay tantas opciones que es dif\u00edcil elegir, por eso contamos con un equipo que estar\u00e1 encantado de ayudarte a crear tu clutch como mas te guste, ellos te asesorar\u00e1n en todo lo que puedas necesitar.<\/p>\n<p>Un concepto exclusivo y moderno que cautivar\u00e1 a las fieles seguidoras de las tendencias de moda.<\/p>\n<p>Nuestros productos est\u00e1n todos hechos a mano en cristal, acr\u00edlico o piel, utilizando siempre materiales de primera calidad, cuidando el m\u00e1s m\u00ednimo detalle.<\/p>\n\t\t\t\t\t\t\t\t<\/div>\n\t\t\t\t\t<\/div>\n\t\t<\/div>\n\t\t\t\t\t<\/div>\n\t\t<\/section>\n\t\t\t\t<section class=\"elementor-section elementor-top-section elementor-element elementor-element-23731d7 elementor-section-full_width elementor-section-content-middle elementor-section-stretched elementor-section-height-default elementor-section-height-default qodef-elementor-content-no\" data-id=\"23731d7\" data-element_type=\"section\" data-e-type=\"section\" data-settings=\"{&quot;stretch_section&quot;:&quot;section-stretched&quot;}\">\n\t\t\t\t\t\t<div class=\"elementor-container elementor-column-gap-no\">\n\t\t\t\t\t<div class=\"elementor-column elementor-col-50 elementor-top-column elementor-element elementor-element-312eecf\" data-id=\"312eecf\" data-element_type=\"column\" data-e-type=\"column\">\n\t\t\t<div class=\"elementor-widget-wrap elementor-element-populated\">\n\t\t\t\t\t\t<div class=\"elementor-element elementor-element-47bd08d elementor-hidden-desktop elementor-hidden-tablet elementor-widget elementor-widget-image\" data-id=\"47bd08d\" data-element_type=\"widget\" data-e-type=\"widget\" data-widget_type=\"image.default\">\n\t\t\t\t\t\t\t\t\t\t\t\t\t\t\t<img fetchpriority=\"high\" decoding=\"async\" width=\"1500\" height=\"1001\" src=\"https:\/\/www.susanakumar.com\/wp-content\/uploads\/2023\/09\/Z_20.jpg\" class=\"attachment-full size-full wp-image-18076\" alt=\"\" srcset=\"https:\/\/www.susanakumar.com\/wp-content\/uploads\/2023\/09\/Z_20.jpg 1500w, https:\/\/www.susanakumar.com\/wp-content\/uploads\/2023\/09\/Z_20-300x200.jpg 300w, https:\/\/www.susanakumar.com\/wp-content\/uploads\/2023\/09\/Z_20-1024x683.jpg 1024w, https:\/\/www.susanakumar.com\/wp-content\/uploads\/2023\/09\/Z_20-768x513.jpg 768w, https:\/\/www.susanakumar.com\/wp-content\/uploads\/2023\/09\/Z_20-600x400.jpg 600w\" sizes=\"(max-width: 1500px) 100vw, 1500px\" \/>\t\t\t\t\t\t\t\t\t\t\t\t\t\t\t<\/div>\n\t\t\t\t<div class=\"elementor-element elementor-element-1530285 elementor-widget elementor-widget-heading\" data-id=\"1530285\" data-element_type=\"widget\" data-e-type=\"widget\" data-widget_type=\"heading.default\">\n\t\t\t\t\t<h4 class=\"elementor-heading-title elementor-size-default\">The founder<\/h4>\t\t\t\t<\/div>\n\t\t\t\t<div class=\"elementor-element elementor-element-c566538 elementor-widget elementor-widget-heading\" data-id=\"c566538\" data-element_type=\"widget\" data-e-type=\"widget\" data-widget_type=\"heading.default\">\n\t\t\t\t\t<h3 class=\"elementor-heading-title elementor-size-default\">Susana Kumar<\/h3>\t\t\t\t<\/div>\n\t\t\t\t<div class=\"elementor-element elementor-element-797fae2 elementor-widget elementor-widget-text-editor\" data-id=\"797fae2\" data-element_type=\"widget\" data-e-type=\"widget\" data-widget_type=\"text-editor.default\">\n\t\t\t\t\t\t\t\t\t<p>Susana Kumar es una firma espa\u00f1ola que apuesta por el dise\u00f1o de accesorios \u00fanicos. Aunque podamos tener estilos parecidos todas somos diferentes y nuestros clutches son un ejemplo de nuestra personalidad.<\/p>\n\t\t\t\t\t\t\t\t<\/div>\n\t\t\t\t\t<\/div>\n\t\t<\/div>\n\t\t\t\t<div class=\"elementor-column elementor-col-50 elementor-top-column elementor-element elementor-element-4d19ea2 elementor-hidden-mobile\" data-id=\"4d19ea2\" data-element_type=\"column\" data-e-type=\"column\" data-settings=\"{&quot;background_background&quot;:&quot;classic&quot;}\">\n\t\t\t<div class=\"elementor-widget-wrap\">\n\t\t\t\t\t\t\t<\/div>\n\t\t<\/div>\n\t\t\t\t\t<\/div>\n\t\t<\/section>\n\t\t\t\t<\/div>\n\t\t","protected":false},"excerpt":{"rendered":"<p>Todo empieza por mi pasi\u00f3n por los bolsos y lo personalizado, siempre me ha encantado llevar el nombre o las iniciales en todo! intentando conciliar mi profesi\u00f3n con una nueva vida familiar, en 2017 me anim\u00f3 a fundar mi propia firma de clutches personalizados con mi nombre, Susana Kumar. Nuestros accesorios representan personalidad y estilo [&hellip;]<\/p>\n","protected":false},"author":41,"featured_media":0,"parent":0,"menu_order":0,"comment_status":"closed","ping_status":"closed","template":"page-full-width.php","meta":{"footnotes":""},"class_list":["post-18958","page","type-page","status-publish","hentry"],"yoast_head":"<!-- This site is optimized with the Yoast SEO plugin v27.3 - https:\/\/yoast.com\/product\/yoast-seo-wordpress\/ -->\n<title>Acerca de - Susana Kumar<\/title>\n<meta name=\"robots\" content=\"index, follow, max-snippet:-1, max-image-preview:large, max-video-preview:-1\" \/>\n<link rel=\"canonical\" href=\"https:\/\/www.susanakumar.com\/en\/about-us\/\" \/>\n<meta property=\"og:locale\" content=\"en_US\" \/>\n<meta property=\"og:type\" content=\"article\" \/>\n<meta property=\"og:title\" content=\"Acerca de - Susana Kumar\" \/>\n<meta property=\"og:description\" content=\"Todo empieza por mi pasi\u00f3n por los bolsos y lo personalizado, siempre me ha encantado llevar el nombre o las iniciales en todo! intentando conciliar mi profesi\u00f3n con una nueva vida familiar, en 2017 me anim\u00f3 a fundar mi propia firma de clutches personalizados con mi nombre, Susana Kumar. Nuestros accesorios representan personalidad y estilo [&hellip;]\" \/>\n<meta property=\"og:url\" content=\"https:\/\/www.susanakumar.com\/en\/about-us\/\" \/>\n<meta property=\"og:site_name\" content=\"Susana Kumar\" \/>\n<meta property=\"article:modified_time\" content=\"2024-01-17T09:28:06+00:00\" \/>\n<meta property=\"og:image\" content=\"https:\/\/www.susanakumar.com\/wp-content\/uploads\/2023\/09\/Z_20.jpg\" \/>\n<meta name=\"twitter:card\" content=\"summary_large_image\" \/>\n<meta name=\"twitter:label1\" content=\"Est. reading time\" \/>\n\t<meta name=\"twitter:data1\" content=\"1 minute\" \/>\n<script type=\"application\/ld+json\" class=\"yoast-schema-graph\">{\"@context\":\"https:\\\/\\\/schema.org\",\"@graph\":[{\"@type\":\"WebPage\",\"@id\":\"https:\\\/\\\/www.susanakumar.com\\\/en\\\/about-us\\\/\",\"url\":\"https:\\\/\\\/www.susanakumar.com\\\/en\\\/about-us\\\/\",\"name\":\"Acerca de - Susana Kumar\",\"isPartOf\":{\"@id\":\"https:\\\/\\\/www.susanakumar.com\\\/en\\\/#website\"},\"primaryImageOfPage\":{\"@id\":\"https:\\\/\\\/www.susanakumar.com\\\/en\\\/about-us\\\/#primaryimage\"},\"image\":{\"@id\":\"https:\\\/\\\/www.susanakumar.com\\\/en\\\/about-us\\\/#primaryimage\"},\"thumbnailUrl\":\"https:\\\/\\\/www.susanakumar.com\\\/wp-content\\\/uploads\\\/2023\\\/09\\\/Z_20.jpg\",\"datePublished\":\"2023-11-03T16:01:12+00:00\",\"dateModified\":\"2024-01-17T09:28:06+00:00\",\"breadcrumb\":{\"@id\":\"https:\\\/\\\/www.susanakumar.com\\\/en\\\/about-us\\\/#breadcrumb\"},\"inLanguage\":\"en-US\",\"potentialAction\":[{\"@type\":\"ReadAction\",\"target\":[\"https:\\\/\\\/www.susanakumar.com\\\/en\\\/about-us\\\/\"]}]},{\"@type\":\"ImageObject\",\"inLanguage\":\"en-US\",\"@id\":\"https:\\\/\\\/www.susanakumar.com\\\/en\\\/about-us\\\/#primaryimage\",\"url\":\"https:\\\/\\\/www.susanakumar.com\\\/wp-content\\\/uploads\\\/2023\\\/09\\\/Z_20.jpg\",\"contentUrl\":\"https:\\\/\\\/www.susanakumar.com\\\/wp-content\\\/uploads\\\/2023\\\/09\\\/Z_20.jpg\"},{\"@type\":\"BreadcrumbList\",\"@id\":\"https:\\\/\\\/www.susanakumar.com\\\/en\\\/about-us\\\/#breadcrumb\",\"itemListElement\":[{\"@type\":\"ListItem\",\"position\":1,\"name\":\"Portada\",\"item\":\"https:\\\/\\\/www.susanakumar.com\\\/en\\\/home-2\\\/\"},{\"@type\":\"ListItem\",\"position\":2,\"name\":\"Acerca de\"}]},{\"@type\":\"WebSite\",\"@id\":\"https:\\\/\\\/www.susanakumar.com\\\/en\\\/#website\",\"url\":\"https:\\\/\\\/www.susanakumar.com\\\/en\\\/\",\"name\":\"Susana Kumar\",\"description\":\"Customized clutches by Susana Kumar\",\"publisher\":{\"@id\":\"https:\\\/\\\/www.susanakumar.com\\\/en\\\/#organization\"},\"potentialAction\":[{\"@type\":\"SearchAction\",\"target\":{\"@type\":\"EntryPoint\",\"urlTemplate\":\"https:\\\/\\\/www.susanakumar.com\\\/en\\\/?s={search_term_string}\"},\"query-input\":{\"@type\":\"PropertyValueSpecification\",\"valueRequired\":true,\"valueName\":\"search_term_string\"}}],\"inLanguage\":\"en-US\"},{\"@type\":\"Organization\",\"@id\":\"https:\\\/\\\/www.susanakumar.com\\\/en\\\/#organization\",\"name\":\"Suana Kumar\",\"url\":\"https:\\\/\\\/www.susanakumar.com\\\/en\\\/\",\"logo\":{\"@type\":\"ImageObject\",\"inLanguage\":\"en-US\",\"@id\":\"https:\\\/\\\/www.susanakumar.com\\\/en\\\/#\\\/schema\\\/logo\\\/image\\\/\",\"url\":\"https:\\\/\\\/www.susanakumar.com\\\/wp-content\\\/uploads\\\/2023\\\/10\\\/Susana.jpg\",\"contentUrl\":\"https:\\\/\\\/www.susanakumar.com\\\/wp-content\\\/uploads\\\/2023\\\/10\\\/Susana.jpg\",\"width\":529,\"height\":370,\"caption\":\"Suana Kumar\"},\"image\":{\"@id\":\"https:\\\/\\\/www.susanakumar.com\\\/en\\\/#\\\/schema\\\/logo\\\/image\\\/\"},\"sameAs\":[\"https:\\\/\\\/www.instagram.com\\\/myclutchbysusanakumar\\\/\"]}]}<\/script>\n<!-- \/ Yoast SEO plugin. -->","yoast_head_json":{"title":"Acerca de - Susana Kumar","robots":{"index":"index","follow":"follow","max-snippet":"max-snippet:-1","max-image-preview":"max-image-preview:large","max-video-preview":"max-video-preview:-1"},"canonical":"https:\/\/www.susanakumar.com\/en\/about-us\/","og_locale":"en_US","og_type":"article","og_title":"Acerca de - Susana Kumar","og_description":"Todo empieza por mi pasi\u00f3n por los bolsos y lo personalizado, siempre me ha encantado llevar el nombre o las iniciales en todo! intentando conciliar mi profesi\u00f3n con una nueva vida familiar, en 2017 me anim\u00f3 a fundar mi propia firma de clutches personalizados con mi nombre, Susana Kumar. Nuestros accesorios representan personalidad y estilo [&hellip;]","og_url":"https:\/\/www.susanakumar.com\/en\/about-us\/","og_site_name":"Susana Kumar","article_modified_time":"2024-01-17T09:28:06+00:00","og_image":[{"url":"https:\/\/www.susanakumar.com\/wp-content\/uploads\/2023\/09\/Z_20.jpg","type":"","width":"","height":""}],"twitter_card":"summary_large_image","twitter_misc":{"Est. reading time":"1 minute"},"schema":{"@context":"https:\/\/schema.org","@graph":[{"@type":"WebPage","@id":"https:\/\/www.susanakumar.com\/en\/about-us\/","url":"https:\/\/www.susanakumar.com\/en\/about-us\/","name":"Acerca de - Susana Kumar","isPartOf":{"@id":"https:\/\/www.susanakumar.com\/en\/#website"},"primaryImageOfPage":{"@id":"https:\/\/www.susanakumar.com\/en\/about-us\/#primaryimage"},"image":{"@id":"https:\/\/www.susanakumar.com\/en\/about-us\/#primaryimage"},"thumbnailUrl":"https:\/\/www.susanakumar.com\/wp-content\/uploads\/2023\/09\/Z_20.jpg","datePublished":"2023-11-03T16:01:12+00:00","dateModified":"2024-01-17T09:28:06+00:00","breadcrumb":{"@id":"https:\/\/www.susanakumar.com\/en\/about-us\/#breadcrumb"},"inLanguage":"en-US","potentialAction":[{"@type":"ReadAction","target":["https:\/\/www.susanakumar.com\/en\/about-us\/"]}]},{"@type":"ImageObject","inLanguage":"en-US","@id":"https:\/\/www.susanakumar.com\/en\/about-us\/#primaryimage","url":"https:\/\/www.susanakumar.com\/wp-content\/uploads\/2023\/09\/Z_20.jpg","contentUrl":"https:\/\/www.susanakumar.com\/wp-content\/uploads\/2023\/09\/Z_20.jpg"},{"@type":"BreadcrumbList","@id":"https:\/\/www.susanakumar.com\/en\/about-us\/#breadcrumb","itemListElement":[{"@type":"ListItem","position":1,"name":"Portada","item":"https:\/\/www.susanakumar.com\/en\/home-2\/"},{"@type":"ListItem","position":2,"name":"Acerca de"}]},{"@type":"WebSite","@id":"https:\/\/www.susanakumar.com\/en\/#website","url":"https:\/\/www.susanakumar.com\/en\/","name":"Susana Kumar","description":"Customized clutches by Susana Kumar","publisher":{"@id":"https:\/\/www.susanakumar.com\/en\/#organization"},"potentialAction":[{"@type":"SearchAction","target":{"@type":"EntryPoint","urlTemplate":"https:\/\/www.susanakumar.com\/en\/?s={search_term_string}"},"query-input":{"@type":"PropertyValueSpecification","valueRequired":true,"valueName":"search_term_string"}}],"inLanguage":"en-US"},{"@type":"Organization","@id":"https:\/\/www.susanakumar.com\/en\/#organization","name":"Suana Kumar","url":"https:\/\/www.susanakumar.com\/en\/","logo":{"@type":"ImageObject","inLanguage":"en-US","@id":"https:\/\/www.susanakumar.com\/en\/#\/schema\/logo\/image\/","url":"https:\/\/www.susanakumar.com\/wp-content\/uploads\/2023\/10\/Susana.jpg","contentUrl":"https:\/\/www.susanakumar.com\/wp-content\/uploads\/2023\/10\/Susana.jpg","width":529,"height":370,"caption":"Suana Kumar"},"image":{"@id":"https:\/\/www.susanakumar.com\/en\/#\/schema\/logo\/image\/"},"sameAs":["https:\/\/www.instagram.com\/myclutchbysusanakumar\/"]}]}},"_links":{"self":[{"href":"https:\/\/www.susanakumar.com\/en\/wp-json\/wp\/v2\/pages\/18958","targetHints":{"allow":["GET"]}}],"collection":[{"href":"https:\/\/www.susanakumar.com\/en\/wp-json\/wp\/v2\/pages"}],"about":[{"href":"https:\/\/www.susanakumar.com\/en\/wp-json\/wp\/v2\/types\/page"}],"author":[{"embeddable":true,"href":"https:\/\/www.susanakumar.com\/en\/wp-json\/wp\/v2\/users\/41"}],"replies":[{"embeddable":true,"href":"https:\/\/www.susanakumar.com\/en\/wp-json\/wp\/v2\/comments?post=18958"}],"version-history":[{"count":0,"href":"https:\/\/www.susanakumar.com\/en\/wp-json\/wp\/v2\/pages\/18958\/revisions"}],"wp:attachment":[{"href":"https:\/\/www.susanakumar.com\/en\/wp-json\/wp\/v2\/media?parent=18958"}],"curies":[{"name":"wp","href":"https:\/\/api.w.org\/{rel}","templated":true}]}}