{"id":2951,"date":"2018-06-24T17:55:18","date_gmt":"2018-06-24T17:55:18","guid":{"rendered":"http:\/\/susanakumar:8888\/aviso-legal\/"},"modified":"2023-11-03T12:09:42","modified_gmt":"2023-11-03T12:09:42","slug":"aviso-legal","status":"publish","type":"page","link":"https:\/\/www.susanakumar.com\/en\/aviso-legal\/","title":{"rendered":"Legal Notice"},"content":{"rendered":"<p>La p\u00e1gina web de Susana Kumar, (en lo sucesivo \u201cEl Propietario\u201d), as\u00ed como todos los elementos que la componen, son propiedad exclusiva del Propietario. Est\u00e1 totalmente prohibida cualquier reproducci\u00f3n o representaci\u00f3n, total o parcial, de la p\u00e1gina o de alguno de los elementos que la componen, as\u00ed como su modificaci\u00f3n. Las marcas y nombres de dominio que aparecen en la p\u00e1gina web de son propiedad exclusiva del Propietario por lo que cualquier reproducci\u00f3n o utilizaci\u00f3n no autorizada de estas marcas o nombres de dominio, sin perjuicio de la forma o intenci\u00f3n que adopten, est\u00e1 totalmente prohibida.<\/p>\n<p>El Propietario declina cualquier responsabilidad relativa al contenido de las p\u00e1ginas vinculadas a su p\u00e1gina web.<br \/>\nLos datos que aporten los visitantes ser\u00e1n objeto de tratamiento en un fichero cuya finalidad es la gesti\u00f3n del servicio de atenci\u00f3n al cliente, as\u00ed como para proporcionarle informaci\u00f3n acerca de los productos o servicios del Propietario.<\/p>\n<p>El Propietario, como responsable del fichero, se compromete a respetar la confidencialidad de su informaci\u00f3n de car\u00e1cter personal y a garantizar el ejercicio de los derechos de acceso, cancelaci\u00f3n y oposici\u00f3n. En caso de que se haya proporcionado una direcci\u00f3n de correo electr\u00f3nico o tel\u00e9fono m\u00f3vil, se entiende que se consiente expresamente a que se env\u00ede comunicaciones comerciales por v\u00eda electr\u00f3nica o cualquier medio de comunicaci\u00f3n equivalente (como SMS) relativas a los productos o servicios mencionados anteriormente.<\/p>\n<p>Este comercio opera en Espa\u00f1a.<\/p>\n<p>Purple Patch SL<\/p>\n<p>CIF B87204285<\/p>\n","protected":false},"excerpt":{"rendered":"<p>La p\u00e1gina web de Susana Kumar, (en lo sucesivo \u201cEl Propietario\u201d), as\u00ed como todos los elementos que la componen, son propiedad exclusiva del Propietario. Est\u00e1 totalmente prohibida cualquier reproducci\u00f3n o representaci\u00f3n, total o parcial, de la p\u00e1gina o de alguno de los elementos que la componen, as\u00ed como su modificaci\u00f3n. Las marcas y nombres de [&hellip;]<\/p>\n","protected":false},"author":41,"featured_media":0,"parent":0,"menu_order":14,"comment_status":"closed","ping_status":"closed","template":"","meta":{"footnotes":""},"class_list":["post-2951","page","type-page","status-publish","hentry"],"yoast_head":"<!-- This site is optimized with the Yoast SEO plugin v27.3 - https:\/\/yoast.com\/product\/yoast-seo-wordpress\/ -->\n<title>Legal Notice - Susana Kumar<\/title>\n<meta name=\"robots\" content=\"index, follow, max-snippet:-1, max-image-preview:large, max-video-preview:-1\" \/>\n<link rel=\"canonical\" href=\"https:\/\/www.susanakumar.com\/en\/aviso-legal\/\" \/>\n<meta property=\"og:locale\" content=\"en_US\" \/>\n<meta property=\"og:type\" content=\"article\" \/>\n<meta property=\"og:title\" content=\"Legal Notice - Susana Kumar\" \/>\n<meta property=\"og:description\" content=\"La p\u00e1gina web de Susana Kumar, (en lo sucesivo \u201cEl Propietario\u201d), as\u00ed como todos los elementos que la componen, son propiedad exclusiva del Propietario. Est\u00e1 totalmente prohibida cualquier reproducci\u00f3n o representaci\u00f3n, total o parcial, de la p\u00e1gina o de alguno de los elementos que la componen, as\u00ed como su modificaci\u00f3n. Las marcas y nombres de [&hellip;]\" \/>\n<meta property=\"og:url\" content=\"https:\/\/www.susanakumar.com\/en\/aviso-legal\/\" \/>\n<meta property=\"og:site_name\" content=\"Susana Kumar\" \/>\n<meta property=\"article:modified_time\" content=\"2023-11-03T12:09:42+00:00\" \/>\n<meta property=\"og:image\" content=\"https:\/\/www.susanakumar.com\/wp-content\/uploads\/2018\/06\/logo-susana-kumar.png\" \/>\n\t<meta property=\"og:image:width\" content=\"500\" \/>\n\t<meta property=\"og:image:height\" content=\"141\" \/>\n\t<meta property=\"og:image:type\" content=\"image\/png\" \/>\n<meta name=\"twitter:card\" content=\"summary_large_image\" \/>\n<meta name=\"twitter:label1\" content=\"Est. reading time\" \/>\n\t<meta name=\"twitter:data1\" content=\"1 minute\" \/>\n<script type=\"application\/ld+json\" class=\"yoast-schema-graph\">{\"@context\":\"https:\\\/\\\/schema.org\",\"@graph\":[{\"@type\":\"WebPage\",\"@id\":\"https:\\\/\\\/www.susanakumar.com\\\/en\\\/aviso-legal\\\/\",\"url\":\"https:\\\/\\\/www.susanakumar.com\\\/en\\\/aviso-legal\\\/\",\"name\":\"Legal Notice - Susana Kumar\",\"isPartOf\":{\"@id\":\"https:\\\/\\\/www.susanakumar.com\\\/en\\\/#website\"},\"datePublished\":\"2018-06-24T17:55:18+00:00\",\"dateModified\":\"2023-11-03T12:09:42+00:00\",\"breadcrumb\":{\"@id\":\"https:\\\/\\\/www.susanakumar.com\\\/en\\\/aviso-legal\\\/#breadcrumb\"},\"inLanguage\":\"en-US\",\"potentialAction\":[{\"@type\":\"ReadAction\",\"target\":[\"https:\\\/\\\/www.susanakumar.com\\\/en\\\/aviso-legal\\\/\"]}]},{\"@type\":\"BreadcrumbList\",\"@id\":\"https:\\\/\\\/www.susanakumar.com\\\/en\\\/aviso-legal\\\/#breadcrumb\",\"itemListElement\":[{\"@type\":\"ListItem\",\"position\":1,\"name\":\"Portada\",\"item\":\"https:\\\/\\\/www.susanakumar.com\\\/en\\\/home-2\\\/\"},{\"@type\":\"ListItem\",\"position\":2,\"name\":\"Aviso legal\"}]},{\"@type\":\"WebSite\",\"@id\":\"https:\\\/\\\/www.susanakumar.com\\\/en\\\/#website\",\"url\":\"https:\\\/\\\/www.susanakumar.com\\\/en\\\/\",\"name\":\"Susana Kumar\",\"description\":\"Customized clutches by Susana Kumar\",\"publisher\":{\"@id\":\"https:\\\/\\\/www.susanakumar.com\\\/en\\\/#organization\"},\"potentialAction\":[{\"@type\":\"SearchAction\",\"target\":{\"@type\":\"EntryPoint\",\"urlTemplate\":\"https:\\\/\\\/www.susanakumar.com\\\/en\\\/?s={search_term_string}\"},\"query-input\":{\"@type\":\"PropertyValueSpecification\",\"valueRequired\":true,\"valueName\":\"search_term_string\"}}],\"inLanguage\":\"en-US\"},{\"@type\":\"Organization\",\"@id\":\"https:\\\/\\\/www.susanakumar.com\\\/en\\\/#organization\",\"name\":\"Suana Kumar\",\"url\":\"https:\\\/\\\/www.susanakumar.com\\\/en\\\/\",\"logo\":{\"@type\":\"ImageObject\",\"inLanguage\":\"en-US\",\"@id\":\"https:\\\/\\\/www.susanakumar.com\\\/en\\\/#\\\/schema\\\/logo\\\/image\\\/\",\"url\":\"https:\\\/\\\/www.susanakumar.com\\\/wp-content\\\/uploads\\\/2023\\\/10\\\/Susana.jpg\",\"contentUrl\":\"https:\\\/\\\/www.susanakumar.com\\\/wp-content\\\/uploads\\\/2023\\\/10\\\/Susana.jpg\",\"width\":529,\"height\":370,\"caption\":\"Suana Kumar\"},\"image\":{\"@id\":\"https:\\\/\\\/www.susanakumar.com\\\/en\\\/#\\\/schema\\\/logo\\\/image\\\/\"},\"sameAs\":[\"https:\\\/\\\/www.instagram.com\\\/myclutchbysusanakumar\\\/\"]}]}<\/script>\n<!-- \/ Yoast SEO plugin. -->","yoast_head_json":{"title":"Legal Notice - Susana Kumar","robots":{"index":"index","follow":"follow","max-snippet":"max-snippet:-1","max-image-preview":"max-image-preview:large","max-video-preview":"max-video-preview:-1"},"canonical":"https:\/\/www.susanakumar.com\/en\/aviso-legal\/","og_locale":"en_US","og_type":"article","og_title":"Legal Notice - Susana Kumar","og_description":"La p\u00e1gina web de Susana Kumar, (en lo sucesivo \u201cEl Propietario\u201d), as\u00ed como todos los elementos que la componen, son propiedad exclusiva del Propietario. Est\u00e1 totalmente prohibida cualquier reproducci\u00f3n o representaci\u00f3n, total o parcial, de la p\u00e1gina o de alguno de los elementos que la componen, as\u00ed como su modificaci\u00f3n. Las marcas y nombres de [&hellip;]","og_url":"https:\/\/www.susanakumar.com\/en\/aviso-legal\/","og_site_name":"Susana Kumar","article_modified_time":"2023-11-03T12:09:42+00:00","og_image":[{"width":500,"height":141,"url":"https:\/\/www.susanakumar.com\/wp-content\/uploads\/2018\/06\/logo-susana-kumar.png","type":"image\/png"}],"twitter_card":"summary_large_image","twitter_misc":{"Est. reading time":"1 minute"},"schema":{"@context":"https:\/\/schema.org","@graph":[{"@type":"WebPage","@id":"https:\/\/www.susanakumar.com\/en\/aviso-legal\/","url":"https:\/\/www.susanakumar.com\/en\/aviso-legal\/","name":"Legal Notice - Susana Kumar","isPartOf":{"@id":"https:\/\/www.susanakumar.com\/en\/#website"},"datePublished":"2018-06-24T17:55:18+00:00","dateModified":"2023-11-03T12:09:42+00:00","breadcrumb":{"@id":"https:\/\/www.susanakumar.com\/en\/aviso-legal\/#breadcrumb"},"inLanguage":"en-US","potentialAction":[{"@type":"ReadAction","target":["https:\/\/www.susanakumar.com\/en\/aviso-legal\/"]}]},{"@type":"BreadcrumbList","@id":"https:\/\/www.susanakumar.com\/en\/aviso-legal\/#breadcrumb","itemListElement":[{"@type":"ListItem","position":1,"name":"Portada","item":"https:\/\/www.susanakumar.com\/en\/home-2\/"},{"@type":"ListItem","position":2,"name":"Aviso legal"}]},{"@type":"WebSite","@id":"https:\/\/www.susanakumar.com\/en\/#website","url":"https:\/\/www.susanakumar.com\/en\/","name":"Susana Kumar","description":"Customized clutches by Susana Kumar","publisher":{"@id":"https:\/\/www.susanakumar.com\/en\/#organization"},"potentialAction":[{"@type":"SearchAction","target":{"@type":"EntryPoint","urlTemplate":"https:\/\/www.susanakumar.com\/en\/?s={search_term_string}"},"query-input":{"@type":"PropertyValueSpecification","valueRequired":true,"valueName":"search_term_string"}}],"inLanguage":"en-US"},{"@type":"Organization","@id":"https:\/\/www.susanakumar.com\/en\/#organization","name":"Suana Kumar","url":"https:\/\/www.susanakumar.com\/en\/","logo":{"@type":"ImageObject","inLanguage":"en-US","@id":"https:\/\/www.susanakumar.com\/en\/#\/schema\/logo\/image\/","url":"https:\/\/www.susanakumar.com\/wp-content\/uploads\/2023\/10\/Susana.jpg","contentUrl":"https:\/\/www.susanakumar.com\/wp-content\/uploads\/2023\/10\/Susana.jpg","width":529,"height":370,"caption":"Suana Kumar"},"image":{"@id":"https:\/\/www.susanakumar.com\/en\/#\/schema\/logo\/image\/"},"sameAs":["https:\/\/www.instagram.com\/myclutchbysusanakumar\/"]}]}},"_links":{"self":[{"href":"https:\/\/www.susanakumar.com\/en\/wp-json\/wp\/v2\/pages\/2951","targetHints":{"allow":["GET"]}}],"collection":[{"href":"https:\/\/www.susanakumar.com\/en\/wp-json\/wp\/v2\/pages"}],"about":[{"href":"https:\/\/www.susanakumar.com\/en\/wp-json\/wp\/v2\/types\/page"}],"author":[{"embeddable":true,"href":"https:\/\/www.susanakumar.com\/en\/wp-json\/wp\/v2\/users\/41"}],"replies":[{"embeddable":true,"href":"https:\/\/www.susanakumar.com\/en\/wp-json\/wp\/v2\/comments?post=2951"}],"version-history":[{"count":0,"href":"https:\/\/www.susanakumar.com\/en\/wp-json\/wp\/v2\/pages\/2951\/revisions"}],"wp:attachment":[{"href":"https:\/\/www.susanakumar.com\/en\/wp-json\/wp\/v2\/media?parent=2951"}],"curies":[{"name":"wp","href":"https:\/\/api.w.org\/{rel}","templated":true}]}}